{"id":560,"date":"2016-05-11T23:25:50","date_gmt":"2016-05-11T23:25:50","guid":{"rendered":"http:\/\/test.kriesi.at\/enfold-gym\/?page_id=560"},"modified":"2021-01-18T14:51:04","modified_gmt":"2021-01-18T13:51:04","slug":"our-mission","status":"publish","type":"page","link":"https:\/\/aflogistic.ma\/?page_id=560","title":{"rendered":"Qui sommes-nous?"},"content":{"rendered":"<\/div><\/div><\/div><!-- close content main div --><\/div><\/div><div id='av_section_1' class='avia-section main_color avia-section-large avia-no-border-styling avia-bg-style-scroll   container_wrap sidebar_right'   ><div class='container' ><div class='template-page content  av-content-small alpha units'><div class='post-entry post-entry-type-page post-entry-560'><div class='entry-content-wrapper clearfix'>\n<div style='padding-bottom:30px;color:#4ecac2;font-size:40px;' class='av-special-heading av-special-heading-h1 custom-color-heading blockquote modern-quote  av-thin-font av-inherit-size '><h1 class='av-special-heading-tag '  itemprop=\"headline\"  >AF LOGISTIC<strong>.<\/strong><\/h1><div class='special-heading-border'><div class='special-heading-inner-border' style='border-color:#4ecac2'><\/div><\/div><\/div>\n<div class=\"flex_column av_one_half  flex_column_div av-zero-column-padding first  \" style='border-radius:0px; '><section class=\"av_textblock_section \"  itemscope=\"itemscope\" itemtype=\"https:\/\/schema.org\/CreativeWork\" ><div class='avia_textblock  '   itemprop=\"text\" ><p><strong>AF LOGISTIC<\/strong> est une entreprise de transport international qui garantit \u00e0 ses clients , une comp\u00e9titivit\u00e9 certaine et un service personnalis\u00e9<\/p>\n<\/div><\/section><\/div><div class=\"flex_column av_one_half  flex_column_div av-zero-column-padding   \" style='border-radius:0px; '><section class=\"av_textblock_section \"  itemscope=\"itemscope\" itemtype=\"https:\/\/schema.org\/CreativeWork\" ><div class='avia_textblock  '   itemprop=\"text\" ><p><strong>AF LOGISTIC<\/strong> permet d\u2019offrir des services porte \u00e0 porte. Que ce soit \u00e0 l\u2019import ou \u00e0 l\u2019export, nous proposons le service groupage et complet maritime, routier ainsi que le fret a\u00e9rien<\/p>\n<\/div><\/section><\/div><\/div><\/div><\/div><!-- close content main div --><\/div><\/div><div id='after_section_1' class='main_color av_default_container_wrap container_wrap sidebar_right'   ><div class='container' ><div class='template-page content  av-content-small alpha units'><div class='post-entry post-entry-type-page post-entry-560'><div class='entry-content-wrapper clearfix'><\/div><\/div><\/div><!-- close content main div --><\/div><\/div><div id='av-layout-grid-1' class='av-layout-grid-container entry-content-wrapper alternate_color av-fixed-cells    container_wrap sidebar_right'   >\n<div class=\"flex_cell no_margin av_one_half   avia-full-stretch av-zero-padding \" style='background-image:url(https:\/\/aflogistic.ma\/wp-content\/uploads\/2021\/01\/Avis-expert-Est-deja-trop-tard-organiser-logistique-sortie-crise-F.jpg); background-position:center left; background-repeat:no-repeat; background-attachment:scroll; vertical-align:middle; padding:0px; '><div class='flex_cell_inner' ><\/div><\/div><div class=\"flex_cell no_margin av_one_half   \" style='vertical-align:middle; padding:100px; '><div class='flex_cell_inner' ><p><div style='padding-bottom:20px;color:#4ecac2;font-size:30px;' class='av-special-heading av-special-heading-h1 custom-color-heading blockquote modern-quote  av-thin-font av-inherit-size '><h1 class='av-special-heading-tag '  itemprop=\"headline\"  >Notre mission<strong>.<\/strong><\/h1><div class='special-heading-border'><div class='special-heading-inner-border' style='border-color:#4ecac2'><\/div><\/div><\/div><br \/>\n<section class=\"av_textblock_section \"  itemscope=\"itemscope\" itemtype=\"https:\/\/schema.org\/CreativeWork\" ><div class='avia_textblock  '   itemprop=\"text\" ><p><strong>AF LOGISTIC<\/strong> accompagne ses clients en b\u00e2tissant des solutions logistiques cr\u00e9atives et efficaces<\/p>\n<p>Avec un vaste r\u00e9seau r\u00e9uni d\u2019agences \u00e0 travers le monde, nos clients peuvent imm\u00e9diatement acc\u00e9der \u00e0 notre couverture mondiale et b\u00e9n\u00e9ficier des comp\u00e9tences locales, de l\u2019exp\u00e9rience et d\u2019un service personnalis\u00e9.<\/p>\n<\/div><\/section><\/p>\n<\/div><\/div><\/div><\/div><\/div><\/div><!-- close content main div --><\/div><\/div><div id='av_section_2' class='avia-section main_color avia-section-default avia-no-shadow av-section-color-overlay-active avia-bg-style-scroll   av-minimum-height av-minimum-height-50 av-section-with-video-bg container_wrap sidebar_right'    data-section-video-ratio='16:9' ><div  data-size='featured'  data-lightbox_size='large'  data-animation='slide'  data-ids=''  data-video_counter='1'  data-autoplay='false'  data-bg_slider='false'  data-slide_height=''  data-handle=''  data-interval='5'  data-class=' av-section-video-bg'  data-css_id=''  data-scroll_down=''  data-control_layout=''  data-custom_markup=''  data-perma_caption=''  data-autoplay_stopper=''  data-image_attachment=''  data-min_height='0px'  data-default-height='28.666666666667'  class='avia-slideshow avia-slideshow-1  av-default-height-applied avia-slideshow-featured   av-section-video-bg avia-slide-slider '  itemscope=\"itemscope\" itemtype=\"https:\/\/schema.org\/ImageObject\" ><ul class='avia-slideshow-inner' style='padding-bottom: 28.666666666667%;'><li  data-controls='disabled' data-mute='1' data-loop='1' data-disable-autoplay=''  data-video-ratio='3.4883720930233' class=' av-video-slide  av-video-service-html5  av-hide-video-controls av-mute-video av-loop-video av-single-slide slide-1 ' ><div data-rel='slideshow-1' class='avia-slide-wrap'  ><div class='av-click-overlay'><\/div><video class=\"avia_video\"  controls id=\"player_560_375246844_1591836602\" >\t<source src=\"https:\/\/aflogistic.ma\/Container1.mp4\" type=\"video\/mp4\" \/><\/video><\/div><\/li><\/ul><\/div><div class='av-section-color-overlay-wrap'><div class='av-section-color-overlay' style='opacity: 0.8; background-color: #ffffff; '><\/div><div class='container' ><div class='template-page content  av-content-small alpha units'><div class='post-entry post-entry-type-page post-entry-560'><div class='entry-content-wrapper clearfix'>\n<div class=\"flex_column av_one_fifth  flex_column_div av-zero-column-padding first  \" style='border-radius:0px; '><\/div><div class=\"flex_column av_three_fifth  flex_column_div av-zero-column-padding   \" style='border-radius:0px; '><section class=\"av_textblock_section \"  itemscope=\"itemscope\" itemtype=\"https:\/\/schema.org\/CreativeWork\" ><div class='avia_textblock  av_inherit_color '  style='color:#4ecac2; '  itemprop=\"text\" ><h2 style=\"text-align: center;\"><strong>AF LOGISTIC<\/strong> se fera le plaisir de vous accompagner depuis la passation de votre commande jusqu\u2019\u00e0 l\u2019arriv\u00e9e de votre marchandise<\/h2>\n<\/div><\/section><\/div><div class=\"flex_column av_one_fifth  flex_column_div av-zero-column-padding   \" style='border-radius:0px; '><\/div>\n<\/div><\/div><\/div><!-- close content main div --><\/div><\/div><\/div><div id='after_section_2' class='main_color av_default_container_wrap container_wrap sidebar_right'   ><div class='container' ><div class='template-page content  av-content-small alpha units'><div class='post-entry post-entry-type-page post-entry-560'><div class='entry-content-wrapper clearfix'><\/p>\n","protected":false},"excerpt":{"rendered":"","protected":false},"author":2,"featured_media":0,"parent":0,"menu_order":0,"comment_status":"closed","ping_status":"closed","template":"","meta":[],"_links":{"self":[{"href":"https:\/\/aflogistic.ma\/index.php?rest_route=\/wp\/v2\/pages\/560"}],"collection":[{"href":"https:\/\/aflogistic.ma\/index.php?rest_route=\/wp\/v2\/pages"}],"about":[{"href":"https:\/\/aflogistic.ma\/index.php?rest_route=\/wp\/v2\/types\/page"}],"author":[{"embeddable":true,"href":"https:\/\/aflogistic.ma\/index.php?rest_route=\/wp\/v2\/users\/2"}],"replies":[{"embeddable":true,"href":"https:\/\/aflogistic.ma\/index.php?rest_route=%2Fwp%2Fv2%2Fcomments&post=560"}],"version-history":[{"count":14,"href":"https:\/\/aflogistic.ma\/index.php?rest_route=\/wp\/v2\/pages\/560\/revisions"}],"predecessor-version":[{"id":873,"href":"https:\/\/aflogistic.ma\/index.php?rest_route=\/wp\/v2\/pages\/560\/revisions\/873"}],"wp:attachment":[{"href":"https:\/\/aflogistic.ma\/index.php?rest_route=%2Fwp%2Fv2%2Fmedia&parent=560"}],"curies":[{"name":"wp","href":"https:\/\/api.w.org\/{rel}","templated":true}]}}