{"id":330,"date":"2016-02-29T13:10:37","date_gmt":"2016-02-29T13:10:37","guid":{"rendered":"http:\/\/test.kriesi.at\/travel\/?page_id=2"},"modified":"2021-01-28T14:41:59","modified_gmt":"2021-01-28T13:41:59","slug":"welcome","status":"publish","type":"page","link":"https:\/\/aflogistic.ma\/","title":{"rendered":"Accueil"},"content":{"rendered":"<\/div><\/div><\/div><!-- close content main div --><\/div><\/div><div id='full_slider_1' class='avia-fullwidth-slider main_color avia-shadow   container_wrap sidebar_right'   ><div  data-size='no scaling'  data-lightbox_size='large'  data-animation='slide_up'  data-ids='856,855,857'  data-video_counter='0'  data-autoplay='true'  data-bg_slider='false'  data-slide_height=''  data-handle='av_slideshow_full'  data-interval='6'  data-class=' '  data-css_id=''  data-scroll_down=''  data-control_layout='av-control-minimal'  data-custom_markup=''  data-perma_caption='aviaTBperma_caption'  data-autoplay_stopper=''  data-image_attachment=''  data-min_height='0px'  data-src=''  data-position='top left'  data-repeat='no-repeat'  data-attach='scroll'  data-stretch=''  class='avia-slideshow avia-slideshow-1  av-control-minimal av-default-height-applied avia-slideshow-no scaling av_slideshow_full   avia-slide_up-slider '  itemscope=\"itemscope\" itemtype=\"https:\/\/schema.org\/ImageObject\" ><ul class='avia-slideshow-inner' style='padding-bottom: 40%;'><li  class=' slide-1 ' ><div data-rel='slideshow-1' class='avia-slide-wrap'  ><img src='https:\/\/aflogistic.ma\/wp-content\/uploads\/2021\/01\/1.jpg' width='1500' height='600' title='1' alt=''  itemprop=\"thumbnailUrl\"   \/><div class='av-section-color-overlay' style='opacity: 0.4; background-color: #0a0a0a; '><\/div><\/div><\/li><li  class=' slide-2 ' ><div data-rel='slideshow-1' class='avia-slide-wrap'  ><img src='https:\/\/aflogistic.ma\/wp-content\/uploads\/2021\/01\/2-1.jpg' width='1500' height='600' title='2' alt=''  itemprop=\"thumbnailUrl\"   \/><div class='av-section-color-overlay' style='opacity: 0.7; background-color: #000000; '><\/div><\/div><\/li><li  class=' slide-3 ' ><div data-rel='slideshow-1' class='avia-slide-wrap'  ><img src='https:\/\/aflogistic.ma\/wp-content\/uploads\/2021\/01\/3-1.jpg' width='1500' height='600' title='3' alt=''  itemprop=\"thumbnailUrl\"   \/><div class='av-section-color-overlay' style='opacity: 0.3; background-color: #0a0a0a; '><\/div><\/div><\/li><\/ul><div class='avia-slideshow-arrows avia-slideshow-controls'><a href='#prev' class='prev-slide' aria-hidden='true' data-av_icon='\ue87c' data-av_iconfont='entypo-fontello'>Pr\u00e9c\u00e9dent<\/a><a href='#next' class='next-slide' aria-hidden='true' data-av_icon='\ue87d' data-av_iconfont='entypo-fontello'>Suivant<\/a><\/div><div class='avia-slideshow-dots avia-slideshow-controls'><a href='#1' class='goto-slide active' >1<\/a><a href='#2' class='goto-slide ' >2<\/a><a href='#3' class='goto-slide ' >3<\/a><\/div><div class = \"caption_fullwidth av-slideshow-caption caption_center\"><div class = \"container caption_container\"><div class = \"slideshow_caption\"><div class = \"slideshow_inner_caption\"><div class = \"slideshow_align_caption\"><h2  style='font-size:70px; ' class='avia-caption-title '  itemprop=\"name\" >Bienvenue sur le site<br \/>\nAF LOGISTIC<strong>.<\/strong><\/h2><\/div><\/div><\/div><\/div><\/div><\/div><\/div>\n<\/div><\/div><\/div><!-- close content main div --><\/div><\/div><div id='av_section_1' class='avia-section header_color avia-section-no-padding avia-no-border-styling avia-bg-style-scroll   container_wrap sidebar_right'   ><div class='container' ><div class='template-page content  av-content-small alpha units'><div class='post-entry post-entry-type-page post-entry-330'><div class='entry-content-wrapper clearfix'>\n<div class='avia-image-container avia_animated_image avia_animate_when_almost_visible fade-in av-styling-    avia-align-center '  itemscope=\"itemscope\" itemtype=\"https:\/\/schema.org\/ImageObject\"  ><div class='avia-image-container-inner'><img class='avia_image ' src='https:\/\/aflogistic.ma\/wp-content\/uploads\/2021\/01\/icone.jpg' alt='' title='icone'   itemprop=\"thumbnailUrl\"  \/><\/div><\/div>\n<\/div><\/div><\/div><!-- close content main div --><\/div><\/div><div id='after_section_1' class='main_color av_default_container_wrap container_wrap sidebar_right'   ><div class='container' ><div class='template-page content  av-content-small alpha units'><div class='post-entry post-entry-type-page post-entry-330'><div class='entry-content-wrapper clearfix'>\n<\/div><\/div><\/div><!-- close content main div --><\/div><\/div><div id='av_section_2' class='avia-section header_color avia-section-small avia-no-border-styling avia-bg-style-scroll   container_wrap sidebar_right'   ><div class='container' ><div class='template-page content  av-content-small alpha units'><div class='post-entry post-entry-type-page post-entry-330'><div class='entry-content-wrapper clearfix'>\n<div style='padding-bottom:20px;color:#4ecac2;font-size:35px;' class='av-special-heading av-special-heading-h1 custom-color-heading blockquote modern-quote modern-centered  av-thin-font av-inherit-size '><h1 class='av-special-heading-tag '  itemprop=\"headline\"  >Accompagnement<strong>.<\/strong><\/h1><div class='special-heading-border'><div class='special-heading-inner-border' style='border-color:#4ecac2'><\/div><\/div><\/div>\n<div class=\"flex_column av_one_fifth  flex_column_div av-zero-column-padding first  \" style='border-radius:0px; '><\/div><div class=\"flex_column av_three_fifth  flex_column_div av-zero-column-padding   \" style='border-radius:0px; '><section class=\"av_textblock_section \"  itemscope=\"itemscope\" itemtype=\"https:\/\/schema.org\/CreativeWork\" ><div class='avia_textblock  '   itemprop=\"text\" ><p style=\"text-align: center;\"><strong>AF LOGISTIC<\/strong> accompagne ses clients en b\u00e2tissant des solutions logistiques cr\u00e9atives et efficaces<\/p>\n<p style=\"text-align: center;\">Avec un vaste r\u00e9seau r\u00e9uni d\u2019agents \u00e0 travers le monde, nos clients peuvent imm\u00e9diatement acc\u00e9der \u00e0 notre couverture mondiale.<\/p>\n<\/div><\/section><\/div><div class=\"flex_column av_one_fifth  flex_column_div av-zero-column-padding   \" style='border-radius:0px; '><\/div>\n<\/div><\/div><\/div><!-- close content main div --><\/div><\/div><div id='after_section_2' class='main_color av_default_container_wrap container_wrap sidebar_right'   ><div class='container' ><div class='template-page content  av-content-small alpha units'><div class='post-entry post-entry-type-page post-entry-330'><div class='entry-content-wrapper clearfix'>\n<\/div><\/div><\/div><!-- close content main div --><\/div><\/div><div id='av_section_3' class='avia-section alternate_color avia-section-huge avia-no-border-styling avia-full-stretch av-section-color-overlay-active avia-bg-style-fixed   av-section-with-video-bg av-section-mobile-video-disabled container_wrap sidebar_right' style = 'background-repeat: no-repeat; background-image: url(https:\/\/aflogistic.ma\/wp-content\/uploads\/2021\/01\/2-1500x430.jpg); background-attachment: fixed; background-position: center center; ' data-section-bg-repeat='stretch'  data-section-video-ratio='16:9' ><div  data-size='featured'  data-lightbox_size='large'  data-animation='slide'  data-ids=''  data-video_counter='1'  data-autoplay='false'  data-bg_slider='false'  data-slide_height=''  data-handle=''  data-interval='5'  data-class=' av-section-video-bg'  data-css_id=''  data-scroll_down=''  data-control_layout=''  data-custom_markup=''  data-perma_caption=''  data-autoplay_stopper=''  data-image_attachment=''  data-min_height='0px'  data-default-height='28.666666666667'  class='avia-slideshow avia-slideshow-2  av-default-height-applied avia-slideshow-featured   av-section-video-bg avia-slide-slider '  itemscope=\"itemscope\" itemtype=\"https:\/\/schema.org\/ImageObject\" ><ul class='avia-slideshow-inner' style='padding-bottom: 28.666666666667%;'><li  data-controls='disabled' data-mute='1' data-loop='1' data-disable-autoplay=''  data-video-ratio='3.4883720930233' class=' av-video-slide  av-video-service-html5  av-hide-video-controls av-mute-video av-loop-video av-single-slide slide-1 ' ><div data-rel='slideshow-2' class='avia-slide-wrap'  ><div class='av-click-overlay'><\/div><video class=\"avia_video\"  controls id=\"player_330_389641346_1183998965\" >\t<source src=\"https:\/\/aflogistic.ma\/Container.mp4\" type=\"video\/mp4\" \/><\/video><\/div><\/li><\/ul><\/div><div class='av-section-color-overlay-wrap'><div class='av-section-color-overlay' style='opacity: 0.9; background-color: #ffffff; '><\/div><div class='container' ><div class='template-page content  av-content-small alpha units'><div class='post-entry post-entry-type-page post-entry-330'><div class='entry-content-wrapper clearfix'>\n<div style='padding-bottom:20px;color:#4ecac2;font-size:35px;' class='av-special-heading av-special-heading-h1 custom-color-heading blockquote modern-quote modern-centered  av-thin-font av-inherit-size '><h1 class='av-special-heading-tag '  itemprop=\"headline\"  >Pourquoi travailler avec nous<strong>?<\/strong><\/h1><div class='special-heading-border'><div class='special-heading-inner-border' style='border-color:#4ecac2'><\/div><\/div><\/div>\n<div class=\"flex_column av_one_fifth  flex_column_div av-zero-column-padding first  \" style='border-radius:0px; '><\/div><div class=\"flex_column av_three_fifth  flex_column_div av-zero-column-padding   \" style='border-radius:0px; '><section class=\"av_textblock_section \"  itemscope=\"itemscope\" itemtype=\"https:\/\/schema.org\/CreativeWork\" ><div class='avia_textblock  av_inherit_color '  style='color:#4ecac2; '  itemprop=\"text\" ><p style=\"text-align: center;\"><b>AF LOGISTIC<\/b> se fera le plaisir de vous accompagner depuis la passation de votre commande jusqu\u2019\u00e0 l\u2019arriv\u00e9e de votre marchandise<\/p>\n<\/div><\/section><\/div><div class=\"flex_column av_one_fifth  flex_column_div av-zero-column-padding   \" style='border-radius:0px; '><\/div><div class=\"flex_column av_one_third  flex_column_div av-zero-column-padding first  \" style='border-radius:0px; '><span class=\"av_font_icon avia_animate_when_visible  av-icon-style-border  avia-icon-pos-center \" style=\"color:#4ecac2; border-color:#4ecac2;\"><span class='av-icon-char' style='font-size:40px;line-height:40px;width:40px;' aria-hidden='true' data-av_icon='\uf10e' data-av_iconfont='flaticon-sports' ><\/span><span class='av_icon_caption av-special-font'>Rapidit\u00e9<\/span><\/span><\/div><div class=\"flex_column av_one_third  flex_column_div av-zero-column-padding   \" style='border-radius:0px; '><span class=\"av_font_icon avia_animate_when_visible  av-icon-style-border  avia-icon-pos-center \" style=\"color:#4ecac2; border-color:#4ecac2;\"><span class='av-icon-char' style='font-size:40px;line-height:40px;width:40px;' aria-hidden='true' data-av_icon='\ue858' data-av_iconfont='entypo-fontello' ><\/span><span class='av_icon_caption av-special-font'>Engagement<\/span><\/span><\/div><div class=\"flex_column av_one_third  flex_column_div av-zero-column-padding   \" style='border-radius:0px; '><span class=\"av_font_icon avia_animate_when_visible  av-icon-style-border  avia-icon-pos-center \" style=\"color:#4ecac2; border-color:#4ecac2;\"><span class='av-icon-char' style='font-size:40px;line-height:40px;width:40px;' aria-hidden='true' data-av_icon='\ue82b' data-av_iconfont='entypo-fontello' data-avia-icon-tooltip=\"&lt;br \/&gt;\nLorem ipsum dolor sit amet, consectetuer adipiscing elit. Aenean commodo ligula eget dolor.&lt;br \/&gt;\n\"><\/span><span class='av_icon_caption av-special-font'>Competitivit\u00e9<\/span><\/span><\/div>\n<\/div><\/div><\/div><!-- close content main div --><\/div><\/div><\/div><div id='after_section_3' class='main_color av_default_container_wrap container_wrap sidebar_right'   ><div class='container' ><div class='template-page content  av-content-small alpha units'><div class='post-entry post-entry-type-page post-entry-330'><div class='entry-content-wrapper clearfix'>\n<\/div><\/div><\/div><!-- close content main div --><\/div><\/div><div id='av_section_4' class='avia-section main_color avia-section-large avia-no-border-styling avia-bg-style-scroll   container_wrap sidebar_right'   ><div class='container' ><div class='template-page content  av-content-small alpha units'><div class='post-entry post-entry-type-page post-entry-330'><div class='entry-content-wrapper clearfix'>\n<div class=\"flex_column av_one_fourth  flex_column_div av-zero-column-padding first  \" style='border-radius:0px; '><\/div><div class=\"flex_column av_one_half  flex_column_div av-zero-column-padding   \" style='border-radius:0px; '><div style='padding-bottom:0px;color:#4ecac2;font-size:20px;' class='av-special-heading av-special-heading-h4 custom-color-heading blockquote modern-quote modern-centered   av-thin-font av-inherit-size '><h4 class='av-special-heading-tag '  itemprop=\"headline\"  >Merci de nous contacter si vous avez besoin d\u2018informations plus sp\u00e9cifiques sur l\u2019un de nos services<strong>.<\/strong><\/h4><div class='special-heading-border'><div class='special-heading-inner-border' style='border-color:#4ecac2'><\/div><\/div><\/div><\/div><div class=\"flex_column av_one_fourth  flex_column_div av-zero-column-padding   \" style='border-radius:0px; '><\/div><div class=\"flex_column av_one_fourth  flex_column_div av-zero-column-padding first  \" style='border-radius:0px; '><\/div><div class=\"flex_column av_one_half  flex_column_div av-zero-column-padding   \" style='border-radius:0px; '><form action=\"https:\/\/aflogistic.ma\/\" method=\"post\"  class=\"avia_ajax_form av-form-labels-hidden   av-centered-form   \" data-avia-form-id=\"1\" data-avia-redirect=''><fieldset><p class=' first_form  form_element form_element_third' id='element_avia_1_1'> <input name=\"avia_1_1\" class=\"text_input is_empty\" type=\"text\" id=\"avia_1_1\" value=\"\"  placeholder='Nom*'\/><\/p><p class=' form_element form_element_two_third' id='element_avia_2_1'> <input name=\"avia_2_1\" class=\"text_input is_email\" type=\"text\" id=\"avia_2_1\" value=\"\"  placeholder='E-Mail*'\/><\/p><p class=' first_form  form_element form_fullwidth' id='element_avia_3_1'> <input name=\"avia_3_1\" class=\"text_input is_phone\" type=\"text\" id=\"avia_3_1\" value=\"\"  placeholder='Tel.*'\/><\/p><p class=' first_form  form_element form_fullwidth' id='element_avia_4_1'> <input name=\"avia_4_1\" class=\"text_input is_empty\" type=\"text\" id=\"avia_4_1\" value=\"\"  placeholder='Soci\u00e9t\u00e9*'\/><\/p><p class=' first_form  form_element form_fullwidth av-last-visible-form-element' id='element_avia_5_1'>\t <textarea  placeholder='Objet' name=\"avia_5_1\" class=\"text_area \" cols=\"40\" rows=\"7\" id=\"avia_5_1\" ><\/textarea><\/p><p class=\"hidden\"><input type=\"text\" name=\"avia_6_1\" class=\"hidden \" id=\"avia_6_1\" value=\"\" \/><\/p><p class=\"form_element \"><input type=\"hidden\" value=\"1\" name=\"avia_generated_form1\" \/><input type=\"submit\" value=\"Envoyer\" class=\"button\"  data-sending-label=\"Envoi\"\/><\/p><\/fieldset><\/form><div id=\"ajaxresponse_1\" class=\"ajaxresponse ajaxresponse_1 hidden\"><\/div><\/div><div class=\"flex_column av_one_fourth  flex_column_div av-zero-column-padding   \" style='border-radius:0px; '><\/div><\/div><\/div><\/div><!-- close content main div --><\/div><\/div><div id='after_section_4' class='main_color av_default_container_wrap container_wrap sidebar_right'   ><div class='container' ><div class='template-page content  av-content-small alpha units'><div class='post-entry post-entry-type-page post-entry-330'><div class='entry-content-wrapper clearfix'><\/div><\/div><\/div><!-- close content main div --><\/div><\/div><div id='av_section_5' class='avia-section main_color avia-section-large avia-no-border-styling avia-bg-style-scroll   container_wrap sidebar_right'   ><div class='container' ><div class='template-page content  av-content-small alpha units'><div class='post-entry post-entry-type-page post-entry-330'><div class='entry-content-wrapper clearfix'>\n<div style='padding-bottom:20px;color:#4ecac2;font-size:35px;' class='av-special-heading av-special-heading-h1 custom-color-heading blockquote modern-quote modern-centered   av-thin-font av-inherit-size '><h1 class='av-special-heading-tag '  itemprop=\"headline\"  >Abonnez-vous \u00e0 notre newsletter<strong>.<\/strong><\/h1><div class='special-heading-border'><div class='special-heading-inner-border' style='border-color:#4ecac2'><\/div><\/div><\/div>\n<div class=\"flex_column av_one_fifth  flex_column_div av-zero-column-padding first  \" style='border-radius:0px; '><\/div><div class=\"flex_column av_three_fifth  flex_column_div av-zero-column-padding   \" style='border-radius:0px; '><form action=\"https:\/\/aflogistic.ma\/\" method=\"post\"  class=\"avia_ajax_form av-form-labels-hidden   av-centered-form   \" data-avia-form-id=\"2\" data-avia-redirect=''><fieldset><p class=' first_form  form_element form_element_third' id='element_avia_1_2'> <input name=\"avia_1_2\" class=\"text_input is_empty\" type=\"text\" id=\"avia_1_2\" value=\"\"  placeholder='Name*'\/><\/p><p class=' form_element form_element_third av-last-visible-form-element' id='element_avia_2_2'> <input name=\"avia_2_2\" class=\"text_input is_email\" type=\"text\" id=\"avia_2_2\" value=\"\"  placeholder='E-Mail*'\/><\/p><p class=\"hidden\"><input type=\"text\" name=\"avia_3_2\" class=\"hidden \" id=\"avia_3_2\" value=\"\" \/><\/p><p class=\"form_element form_element_third modified_width\"><input type=\"hidden\" value=\"1\" name=\"avia_generated_form2\" \/><input type=\"submit\" value=\"Subscribe\" class=\"button\"  data-sending-label=\"Envoi\"\/><\/p><\/fieldset><\/form><div id=\"ajaxresponse_2\" class=\"ajaxresponse ajaxresponse_2 hidden\"><\/div><\/div><div class=\"flex_column av_one_fifth  flex_column_div av-zero-column-padding   \" style='border-radius:0px; '><\/div><\/div><\/div><\/div><!-- close content main div --><\/div><\/div><div id='after_section_5' class='main_color av_default_container_wrap container_wrap sidebar_right'   ><div class='container' ><div class='template-page content  av-content-small alpha units'><div class='post-entry post-entry-type-page post-entry-330'><div class='entry-content-wrapper clearfix'><\/p>\n","protected":false},"excerpt":{"rendered":"","protected":false},"author":2,"featured_media":0,"parent":0,"menu_order":0,"comment_status":"closed","ping_status":"open","template":"","meta":[],"_links":{"self":[{"href":"https:\/\/aflogistic.ma\/index.php?rest_route=\/wp\/v2\/pages\/330"}],"collection":[{"href":"https:\/\/aflogistic.ma\/index.php?rest_route=\/wp\/v2\/pages"}],"about":[{"href":"https:\/\/aflogistic.ma\/index.php?rest_route=\/wp\/v2\/types\/page"}],"author":[{"embeddable":true,"href":"https:\/\/aflogistic.ma\/index.php?rest_route=\/wp\/v2\/users\/2"}],"replies":[{"embeddable":true,"href":"https:\/\/aflogistic.ma\/index.php?rest_route=%2Fwp%2Fv2%2Fcomments&post=330"}],"version-history":[{"count":40,"href":"https:\/\/aflogistic.ma\/index.php?rest_route=\/wp\/v2\/pages\/330\/revisions"}],"predecessor-version":[{"id":932,"href":"https:\/\/aflogistic.ma\/index.php?rest_route=\/wp\/v2\/pages\/330\/revisions\/932"}],"wp:attachment":[{"href":"https:\/\/aflogistic.ma\/index.php?rest_route=%2Fwp%2Fv2%2Fmedia&parent=330"}],"curies":[{"name":"wp","href":"https:\/\/api.w.org\/{rel}","templated":true}]}}